{"id":50,"date":"2015-09-01T12:12:20","date_gmt":"2015-09-01T11:12:20","guid":{"rendered":"http:\/\/10.0.0.210\/?page_id=50"},"modified":"2021-11-30T10:04:16","modified_gmt":"2021-11-30T09:04:16","slug":"contact","status":"publish","type":"page","link":"https:\/\/www.delande.be\/index.php\/contact\/","title":{"rendered":"Nous Contacter"},"content":{"rendered":"<p>[et_pb_section fb_built=\u00a0\u00bb1&Prime; fullwidth=\u00a0\u00bbon\u00a0\u00bb admin_label=\u00a0\u00bbsection\u00a0\u00bb _builder_version=\u00a0\u00bb3.22&Prime; global_colors_info=\u00a0\u00bb{}\u00a0\u00bb][et_pb_fullwidth_map address=\u00a0\u00bbAvenue Franklin Roosevelt 104, 1330 Rixensart, Belgique\u00a0\u00bb zoom_level=\u00a0\u00bb15&Prime; address_lat=\u00a0\u00bb50.722434381916784&Prime; address_lng=\u00a0\u00bb4.515878990490705&Prime; admin_label=\u00a0\u00bbcarte\u00a0\u00bb _builder_version=\u00a0\u00bb3.3.1&Prime; global_colors_info=\u00a0\u00bb{}\u00a0\u00bb][et_pb_map_pin title=\u00a0\u00bbNos bureaux\u00a0\u00bb pin_address=\u00a0\u00bbAvenue Franklin Roosevelt 104, 1330 Rixensart, Belgique\u00a0\u00bb pin_address_lat=\u00a0\u00bb50.719912&Prime; pin_address_lng=\u00a0\u00bb4.513947799999983&Prime; _builder_version=\u00a0\u00bb3.3.1&Prime; global_colors_info=\u00a0\u00bb{}\u00a0\u00bb]Avenue Franklin Roosevelt, 104 (1er \u00e9tage)<br \/>\n1330 Rixensart<br \/>\n[\/et_pb_map_pin][\/et_pb_fullwidth_map][\/et_pb_section][et_pb_section fb_built=\u00a0\u00bb1&Prime; admin_label=\u00a0\u00bbsection\u00a0\u00bb _builder_version=\u00a0\u00bb3.22&Prime; global_colors_info=\u00a0\u00bb{}\u00a0\u00bb][et_pb_row column_structure=\u00a0\u00bb2_3,1_3&Prime; admin_label=\u00a0\u00bbrow\u00a0\u00bb _builder_version=\u00a0\u00bb3.25&Prime; background_size=\u00a0\u00bbinitial\u00a0\u00bb background_position=\u00a0\u00bbtop_left\u00a0\u00bb background_repeat=\u00a0\u00bbrepeat\u00a0\u00bb global_colors_info=\u00a0\u00bb{}\u00a0\u00bb][et_pb_column type=\u00a0\u00bb2_3&Prime; _builder_version=\u00a0\u00bb3.25&Prime; custom_padding=\u00a0\u00bb|||\u00a0\u00bb global_colors_info=\u00a0\u00bb{}\u00a0\u00bb custom_padding__hover=\u00a0\u00bb|||\u00a0\u00bb][et_pb_text _builder_version=\u00a0\u00bb3.27.4&Prime; text_font=\u00a0\u00bbOpen Sans||||\u00a0\u00bb background_size=\u00a0\u00bbinitial\u00a0\u00bb background_position=\u00a0\u00bbtop_left\u00a0\u00bb background_repeat=\u00a0\u00bbrepeat\u00a0\u00bb use_border_color=\u00a0\u00bboff\u00a0\u00bb global_colors_info=\u00a0\u00bb{}\u00a0\u00bb]<\/p>\n<h3>Bureaux de Rixensart<\/h3>\n<p>Avenue Franklin Roosevelt, 104 (1er \u00e9tage)<br \/>\n1330 Rixensart<br \/>\nT\u00e9l. : \u00a0+32 (0)2 513 80 60<br \/>\nFax. : \u00a0+32 (0)2 513 16 22<br \/>\ninfo@delande.be<\/p>\n<blockquote><p><strong>Transports en commun :\u00a0<\/strong><br \/>\nBus TEC (\u00e0 200m) &#8211; Arr\u00eat : GENVAL Papeterie<br \/>\nBus 38 : Rosi\u00e8res &#8211; Genval &#8211; Basse-Wavre<br \/>\nBus 58 : Braine L&rsquo;alleud &#8211; Genval<br \/>\nBus 366 : Court-St-Etienne &#8211; Rixensart &#8211; Ixelles (Bxl)<\/p>\n<p>Gare de Genval (\u00e0 800m)<\/p><\/blockquote>\n<p><b>Parking priv\u00e9 \u00e0 votre disposition \u00e0 l&rsquo;arri\u00e8re de l&rsquo;immeuble.<br \/>\n<\/b><strong>Acc\u00e8s ais\u00e9\u00a0pour les personnes \u00e0 mobilit\u00e9 r\u00e9duite.<\/strong><b><br \/>\n<\/b><\/p>\n<p><strong>Nos bureaux de Rixensart sont ouverts du\u00a0lundi au vendredi de 9h \u00e0 17h30.<\/strong><\/p>\n<p>Si\u00e8ge d&rsquo;exploitation<\/p>\n<p><img loading=\"lazy\" decoding=\"async\" class=\"alignnone size-full wp-image-1211\" src=\"https:\/\/www.delande.be\/wp-content\/uploads\/2015\/09\/emplacements-parking-clients-Delande.jpg\" alt=\"emplacements-parking-clients-delande\" width=\"350\" height=\"308\" \/><br \/>\n[\/et_pb_text][et_pb_text _builder_version=\u00a0\u00bb3.27.4&Prime; text_font=\u00a0\u00bbOpen Sans||||\u00a0\u00bb background_size=\u00a0\u00bbinitial\u00a0\u00bb background_position=\u00a0\u00bbtop_left\u00a0\u00bb background_repeat=\u00a0\u00bbrepeat\u00a0\u00bb use_border_color=\u00a0\u00bboff\u00a0\u00bb global_colors_info=\u00a0\u00bb{}\u00a0\u00bb][\/et_pb_text][\/et_pb_column][et_pb_column type=\u00a0\u00bb1_3&Prime; _builder_version=\u00a0\u00bb3.25&Prime; custom_padding=\u00a0\u00bb|||\u00a0\u00bb global_colors_info=\u00a0\u00bb{}\u00a0\u00bb custom_padding__hover=\u00a0\u00bb|||\u00a0\u00bb][et_pb_contact_form use_spam_service=\u00a0\u00bbon\u00a0\u00bb recaptcha_list=\u00a0\u00bbCaptcha site internet-0&Prime; email=\u00a0\u00bbinfo@delande.be\u00a0\u00bb title=\u00a0\u00bbNous contacter\u00a0\u00bb admin_label=\u00a0\u00bbContact Form\u00a0\u00bb _builder_version=\u00a0\u00bb4.13.1&Prime; _unique_id=\u00a0\u00bb5368c03f-5f8b-48d9-9ffb-bc28b33657f9&Prime; title_font=\u00a0\u00bbOpen Sans||||\u00a0\u00bb form_field_font=\u00a0\u00bbOpen Sans||||\u00a0\u00bb custom_button=\u00a0\u00bbon\u00a0\u00bb button_text_size=\u00a0\u00bb16px\u00a0\u00bb button_text_color=\u00a0\u00bb#001f5b \u00a0\u00bb border_radii=\u00a0\u00bbon|0px|0px|0px|0px\u00a0\u00bb use_border_color=\u00a0\u00bboff\u00a0\u00bb saved_tabs=\u00a0\u00bball\u00a0\u00bb global_colors_info=\u00a0\u00bb{}\u00a0\u00bb][et_pb_contact_field field_id=\u00a0\u00bbName\u00a0\u00bb field_title=\u00a0\u00bbNom\u00a0\u00bb _builder_version=\u00a0\u00bb3.16&Prime; global_colors_info=\u00a0\u00bb{}\u00a0\u00bb button_text_size__hover_enabled=\u00a0\u00bboff\u00a0\u00bb button_one_text_size__hover_enabled=\u00a0\u00bboff\u00a0\u00bb button_two_text_size__hover_enabled=\u00a0\u00bboff\u00a0\u00bb button_text_color__hover_enabled=\u00a0\u00bboff\u00a0\u00bb button_one_text_color__hover_enabled=\u00a0\u00bboff\u00a0\u00bb button_two_text_color__hover_enabled=\u00a0\u00bboff\u00a0\u00bb button_border_width__hover_enabled=\u00a0\u00bboff\u00a0\u00bb button_one_border_width__hover_enabled=\u00a0\u00bboff\u00a0\u00bb button_two_border_width__hover_enabled=\u00a0\u00bboff\u00a0\u00bb button_border_color__hover_enabled=\u00a0\u00bboff\u00a0\u00bb button_one_border_color__hover_enabled=\u00a0\u00bboff\u00a0\u00bb button_two_border_color__hover_enabled=\u00a0\u00bboff\u00a0\u00bb button_border_radius__hover_enabled=\u00a0\u00bboff\u00a0\u00bb button_one_border_radius__hover_enabled=\u00a0\u00bboff\u00a0\u00bb button_two_border_radius__hover_enabled=\u00a0\u00bboff\u00a0\u00bb button_letter_spacing__hover_enabled=\u00a0\u00bboff\u00a0\u00bb button_one_letter_spacing__hover_enabled=\u00a0\u00bboff\u00a0\u00bb button_two_letter_spacing__hover_enabled=\u00a0\u00bboff\u00a0\u00bb button_bg_color__hover_enabled=\u00a0\u00bboff\u00a0\u00bb button_one_bg_color__hover_enabled=\u00a0\u00bboff\u00a0\u00bb button_two_bg_color__hover_enabled=\u00a0\u00bboff\u00a0\u00bb][\/et_pb_contact_field][et_pb_contact_field field_id=\u00a0\u00bbEmail\u00a0\u00bb field_title=\u00a0\u00bbAdresse e-mail\u00a0\u00bb field_type=\u00a0\u00bbemail\u00a0\u00bb _builder_version=\u00a0\u00bb3.16&Prime; global_colors_info=\u00a0\u00bb{}\u00a0\u00bb button_text_size__hover_enabled=\u00a0\u00bboff\u00a0\u00bb button_one_text_size__hover_enabled=\u00a0\u00bboff\u00a0\u00bb button_two_text_size__hover_enabled=\u00a0\u00bboff\u00a0\u00bb button_text_color__hover_enabled=\u00a0\u00bboff\u00a0\u00bb button_one_text_color__hover_enabled=\u00a0\u00bboff\u00a0\u00bb button_two_text_color__hover_enabled=\u00a0\u00bboff\u00a0\u00bb button_border_width__hover_enabled=\u00a0\u00bboff\u00a0\u00bb button_one_border_width__hover_enabled=\u00a0\u00bboff\u00a0\u00bb button_two_border_width__hover_enabled=\u00a0\u00bboff\u00a0\u00bb button_border_color__hover_enabled=\u00a0\u00bboff\u00a0\u00bb button_one_border_color__hover_enabled=\u00a0\u00bboff\u00a0\u00bb button_two_border_color__hover_enabled=\u00a0\u00bboff\u00a0\u00bb button_border_radius__hover_enabled=\u00a0\u00bboff\u00a0\u00bb button_one_border_radius__hover_enabled=\u00a0\u00bboff\u00a0\u00bb button_two_border_radius__hover_enabled=\u00a0\u00bboff\u00a0\u00bb button_letter_spacing__hover_enabled=\u00a0\u00bboff\u00a0\u00bb button_one_letter_spacing__hover_enabled=\u00a0\u00bboff\u00a0\u00bb button_two_letter_spacing__hover_enabled=\u00a0\u00bboff\u00a0\u00bb button_bg_color__hover_enabled=\u00a0\u00bboff\u00a0\u00bb button_one_bg_color__hover_enabled=\u00a0\u00bboff\u00a0\u00bb button_two_bg_color__hover_enabled=\u00a0\u00bboff\u00a0\u00bb][\/et_pb_contact_field][et_pb_contact_field field_id=\u00a0\u00bbT\u00e9l\u00e9phone\u00a0\u00bb field_title=\u00a0\u00bbNum\u00e9ro de t\u00e9l\u00e9phone \u00a0\u00bb allowed_symbols=\u00a0\u00bbnumbers\u00a0\u00bb _builder_version=\u00a0\u00bb3.16&Prime; form_field_font=\u00a0\u00bb||||||||\u00a0\u00bb global_colors_info=\u00a0\u00bb{}\u00a0\u00bb button_text_size__hover_enabled=\u00a0\u00bboff\u00a0\u00bb button_one_text_size__hover_enabled=\u00a0\u00bboff\u00a0\u00bb button_two_text_size__hover_enabled=\u00a0\u00bboff\u00a0\u00bb button_text_color__hover_enabled=\u00a0\u00bboff\u00a0\u00bb button_one_text_color__hover_enabled=\u00a0\u00bboff\u00a0\u00bb button_two_text_color__hover_enabled=\u00a0\u00bboff\u00a0\u00bb button_border_width__hover_enabled=\u00a0\u00bboff\u00a0\u00bb button_one_border_width__hover_enabled=\u00a0\u00bboff\u00a0\u00bb button_two_border_width__hover_enabled=\u00a0\u00bboff\u00a0\u00bb button_border_color__hover_enabled=\u00a0\u00bboff\u00a0\u00bb button_one_border_color__hover_enabled=\u00a0\u00bboff\u00a0\u00bb button_two_border_color__hover_enabled=\u00a0\u00bboff\u00a0\u00bb button_border_radius__hover_enabled=\u00a0\u00bboff\u00a0\u00bb button_one_border_radius__hover_enabled=\u00a0\u00bboff\u00a0\u00bb button_two_border_radius__hover_enabled=\u00a0\u00bboff\u00a0\u00bb button_letter_spacing__hover_enabled=\u00a0\u00bboff\u00a0\u00bb button_one_letter_spacing__hover_enabled=\u00a0\u00bboff\u00a0\u00bb button_two_letter_spacing__hover_enabled=\u00a0\u00bboff\u00a0\u00bb button_bg_color__hover_enabled=\u00a0\u00bboff\u00a0\u00bb button_one_bg_color__hover_enabled=\u00a0\u00bboff\u00a0\u00bb button_two_bg_color__hover_enabled=\u00a0\u00bboff\u00a0\u00bb][\/et_pb_contact_field][et_pb_contact_field field_id=\u00a0\u00bbMessage\u00a0\u00bb field_title=\u00a0\u00bbMessage\u00a0\u00bb field_type=\u00a0\u00bbtext\u00a0\u00bb fullwidth_field=\u00a0\u00bbon\u00a0\u00bb _builder_version=\u00a0\u00bb3.16&Prime; global_colors_info=\u00a0\u00bb{}\u00a0\u00bb button_text_size__hover_enabled=\u00a0\u00bboff\u00a0\u00bb button_one_text_size__hover_enabled=\u00a0\u00bboff\u00a0\u00bb button_two_text_size__hover_enabled=\u00a0\u00bboff\u00a0\u00bb button_text_color__hover_enabled=\u00a0\u00bboff\u00a0\u00bb button_one_text_color__hover_enabled=\u00a0\u00bboff\u00a0\u00bb button_two_text_color__hover_enabled=\u00a0\u00bboff\u00a0\u00bb button_border_width__hover_enabled=\u00a0\u00bboff\u00a0\u00bb button_one_border_width__hover_enabled=\u00a0\u00bboff\u00a0\u00bb button_two_border_width__hover_enabled=\u00a0\u00bboff\u00a0\u00bb button_border_color__hover_enabled=\u00a0\u00bboff\u00a0\u00bb button_one_border_color__hover_enabled=\u00a0\u00bboff\u00a0\u00bb button_two_border_color__hover_enabled=\u00a0\u00bboff\u00a0\u00bb button_border_radius__hover_enabled=\u00a0\u00bboff\u00a0\u00bb button_one_border_radius__hover_enabled=\u00a0\u00bboff\u00a0\u00bb button_two_border_radius__hover_enabled=\u00a0\u00bboff\u00a0\u00bb button_letter_spacing__hover_enabled=\u00a0\u00bboff\u00a0\u00bb button_one_letter_spacing__hover_enabled=\u00a0\u00bboff\u00a0\u00bb button_two_letter_spacing__hover_enabled=\u00a0\u00bboff\u00a0\u00bb button_bg_color__hover_enabled=\u00a0\u00bboff\u00a0\u00bb button_one_bg_color__hover_enabled=\u00a0\u00bboff\u00a0\u00bb button_two_bg_color__hover_enabled=\u00a0\u00bboff\u00a0\u00bb][\/et_pb_contact_field][\/et_pb_contact_form][\/et_pb_column][\/et_pb_row][et_pb_row _builder_version=\u00a0\u00bb3.25&Prime; background_size=\u00a0\u00bbinitial\u00a0\u00bb background_position=\u00a0\u00bbtop_left\u00a0\u00bb background_repeat=\u00a0\u00bbrepeat\u00a0\u00bb global_colors_info=\u00a0\u00bb{}\u00a0\u00bb][et_pb_column type=\u00a0\u00bb4_4&Prime; _builder_version=\u00a0\u00bb3.25&Prime; custom_padding=\u00a0\u00bb|||\u00a0\u00bb global_colors_info=\u00a0\u00bb{}\u00a0\u00bb custom_padding__hover=\u00a0\u00bb|||\u00a0\u00bb][et_pb_blurb _builder_version=\u00a0\u00bb4.13.0&Prime; background_size=\u00a0\u00bbinitial\u00a0\u00bb background_position=\u00a0\u00bbtop_left\u00a0\u00bb background_repeat=\u00a0\u00bbrepeat\u00a0\u00bb use_border_color=\u00a0\u00bboff\u00a0\u00bb border_color=\u00a0\u00bb#ffffff\u00a0\u00bb border_style=\u00a0\u00bbsolid\u00a0\u00bb global_colors_info=\u00a0\u00bb{}\u00a0\u00bb][\/et_pb_blurb][et_pb_blurb image_icon_width=\u00a0\u00bbnone\u00a0\u00bb _builder_version=\u00a0\u00bb4.13.0&Prime; background_size=\u00a0\u00bbinitial\u00a0\u00bb background_position=\u00a0\u00bbtop_left\u00a0\u00bb background_repeat=\u00a0\u00bbrepeat\u00a0\u00bb use_border_color=\u00a0\u00bboff\u00a0\u00bb border_color=\u00a0\u00bb#ffffff\u00a0\u00bb border_style=\u00a0\u00bbsolid\u00a0\u00bb image_max_width=\u00a0\u00bbnone\u00a0\u00bb global_colors_info=\u00a0\u00bb{}\u00a0\u00bb][\/et_pb_blurb][\/et_pb_column][\/et_pb_row][\/et_pb_section]<\/p>\n","protected":false},"excerpt":{"rendered":"<p>Avenue Franklin Roosevelt, 104 (1er \u00e9tage) 1330 Rixensart Bureaux de Rixensart Avenue Franklin Roosevelt, 104 (1er \u00e9tage) 1330 Rixensart T\u00e9l. : \u00a0+32 (0)2 513 80 60 Fax. : \u00a0+32 (0)2 513 16 22 info@delande.be Transports en commun :\u00a0 Bus TEC (\u00e0 200m) &#8211; Arr\u00eat : GENVAL Papeterie Bus 38 : Rosi\u00e8res &#8211; Genval &#8211; Basse-Wavre [&hellip;]<\/p>\n","protected":false},"author":1,"featured_media":0,"parent":0,"menu_order":0,"comment_status":"open","ping_status":"open","template":"","meta":{"_et_pb_use_builder":"on","_et_pb_old_content":"","_et_gb_content_width":"","footnotes":""},"class_list":["post-50","page","type-page","status-publish","hentry"],"yoast_head":"<!-- This site is optimized with the Yoast SEO plugin v27.5 - https:\/\/yoast.com\/product\/yoast-seo-wordpress\/ -->\n<title>Nous Contacter - Delande &amp; Cie - Soci\u00e9t\u00e9 de Bourse<\/title>\n<meta name=\"description\" content=\"T\u00e9l\u00e9phone :02\/513.80.60. Nos bureaux sont accessibles du lundi au vendredi de 9h \u00e0 17h30. Rue Montoyer 31 \u00e0 1000 Bruxelles. Parking \u00e0 votre disposition.\" \/>\n<meta name=\"robots\" content=\"index, follow, max-snippet:-1, max-image-preview:large, max-video-preview:-1\" \/>\n<link rel=\"canonical\" href=\"https:\/\/www.delande.be\/index.php\/contact\/\" \/>\n<meta property=\"og:locale\" content=\"fr_FR\" \/>\n<meta property=\"og:type\" content=\"article\" \/>\n<meta property=\"og:title\" content=\"Nous Contacter - Delande &amp; Cie - Soci\u00e9t\u00e9 de Bourse\" \/>\n<meta property=\"og:description\" content=\"T\u00e9l\u00e9phone :02\/513.80.60. Nos bureaux sont accessibles du lundi au vendredi de 9h \u00e0 17h30. Rue Montoyer 31 \u00e0 1000 Bruxelles. Parking \u00e0 votre disposition.\" \/>\n<meta property=\"og:url\" content=\"https:\/\/www.delande.be\/index.php\/contact\/\" \/>\n<meta property=\"og:site_name\" content=\"Delande &amp; Cie - Soci\u00e9t\u00e9 de Bourse\" \/>\n<meta property=\"article:modified_time\" content=\"2021-11-30T09:04:16+00:00\" \/>\n<meta property=\"og:image\" content=\"https:\/\/www.delande.be\/wp-content\/uploads\/2015\/09\/emplacements-parking-clients-Delande.jpg\" \/>\n<meta name=\"twitter:card\" content=\"summary_large_image\" \/>\n<meta name=\"twitter:label1\" content=\"Dur\u00e9e de lecture estim\u00e9e\" \/>\n\t<meta name=\"twitter:data1\" content=\"6 minutes\" \/>\n<script type=\"application\/ld+json\" class=\"yoast-schema-graph\">{\"@context\":\"https:\\\/\\\/schema.org\",\"@graph\":[{\"@type\":\"WebPage\",\"@id\":\"https:\\\/\\\/www.delande.be\\\/index.php\\\/contact\\\/\",\"url\":\"https:\\\/\\\/www.delande.be\\\/index.php\\\/contact\\\/\",\"name\":\"Nous Contacter - Delande &amp; Cie - Soci\u00e9t\u00e9 de Bourse\",\"isPartOf\":{\"@id\":\"https:\\\/\\\/www.delande.be\\\/#website\"},\"primaryImageOfPage\":{\"@id\":\"https:\\\/\\\/www.delande.be\\\/index.php\\\/contact\\\/#primaryimage\"},\"image\":{\"@id\":\"https:\\\/\\\/www.delande.be\\\/index.php\\\/contact\\\/#primaryimage\"},\"thumbnailUrl\":\"https:\\\/\\\/www.delande.be\\\/wp-content\\\/uploads\\\/2015\\\/09\\\/emplacements-parking-clients-Delande.jpg\",\"datePublished\":\"2015-09-01T11:12:20+00:00\",\"dateModified\":\"2021-11-30T09:04:16+00:00\",\"description\":\"T\u00e9l\u00e9phone :02\\\/513.80.60. Nos bureaux sont accessibles du lundi au vendredi de 9h \u00e0 17h30. Rue Montoyer 31 \u00e0 1000 Bruxelles. Parking \u00e0 votre disposition.\",\"breadcrumb\":{\"@id\":\"https:\\\/\\\/www.delande.be\\\/index.php\\\/contact\\\/#breadcrumb\"},\"inLanguage\":\"fr-FR\",\"potentialAction\":[{\"@type\":\"ReadAction\",\"target\":[\"https:\\\/\\\/www.delande.be\\\/index.php\\\/contact\\\/\"]}]},{\"@type\":\"ImageObject\",\"inLanguage\":\"fr-FR\",\"@id\":\"https:\\\/\\\/www.delande.be\\\/index.php\\\/contact\\\/#primaryimage\",\"url\":\"https:\\\/\\\/www.delande.be\\\/wp-content\\\/uploads\\\/2015\\\/09\\\/emplacements-parking-clients-Delande.jpg\",\"contentUrl\":\"https:\\\/\\\/www.delande.be\\\/wp-content\\\/uploads\\\/2015\\\/09\\\/emplacements-parking-clients-Delande.jpg\",\"width\":350,\"height\":308},{\"@type\":\"BreadcrumbList\",\"@id\":\"https:\\\/\\\/www.delande.be\\\/index.php\\\/contact\\\/#breadcrumb\",\"itemListElement\":[{\"@type\":\"ListItem\",\"position\":1,\"name\":\"Accueil\",\"item\":\"https:\\\/\\\/www.delande.be\\\/\"},{\"@type\":\"ListItem\",\"position\":2,\"name\":\"Nous Contacter\"}]},{\"@type\":\"WebSite\",\"@id\":\"https:\\\/\\\/www.delande.be\\\/#website\",\"url\":\"https:\\\/\\\/www.delande.be\\\/\",\"name\":\"Delande &amp; Cie - Soci\u00e9t\u00e9 de Bourse\",\"description\":\"Votre Conseiller en Investissement\",\"publisher\":{\"@id\":\"https:\\\/\\\/www.delande.be\\\/#organization\"},\"potentialAction\":[{\"@type\":\"SearchAction\",\"target\":{\"@type\":\"EntryPoint\",\"urlTemplate\":\"https:\\\/\\\/www.delande.be\\\/?s={search_term_string}\"},\"query-input\":{\"@type\":\"PropertyValueSpecification\",\"valueRequired\":true,\"valueName\":\"search_term_string\"}}],\"inLanguage\":\"fr-FR\"},{\"@type\":\"Organization\",\"@id\":\"https:\\\/\\\/www.delande.be\\\/#organization\",\"name\":\"Delande et cie\",\"url\":\"https:\\\/\\\/www.delande.be\\\/\",\"logo\":{\"@type\":\"ImageObject\",\"inLanguage\":\"fr-FR\",\"@id\":\"https:\\\/\\\/www.delande.be\\\/#\\\/schema\\\/logo\\\/image\\\/\",\"url\":\"https:\\\/\\\/www.delande.be\\\/wp-content\\\/uploads\\\/2016\\\/03\\\/Delande-HOR-FR-RGB1-e1462189765843.jpg\",\"contentUrl\":\"https:\\\/\\\/www.delande.be\\\/wp-content\\\/uploads\\\/2016\\\/03\\\/Delande-HOR-FR-RGB1-e1462189765843.jpg\",\"width\":740,\"height\":209,\"caption\":\"Delande et cie\"},\"image\":{\"@id\":\"https:\\\/\\\/www.delande.be\\\/#\\\/schema\\\/logo\\\/image\\\/\"}}]}<\/script>\n<!-- \/ Yoast SEO plugin. -->","yoast_head_json":{"title":"Nous Contacter - Delande &amp; Cie - Soci\u00e9t\u00e9 de Bourse","description":"T\u00e9l\u00e9phone :02\/513.80.60. Nos bureaux sont accessibles du lundi au vendredi de 9h \u00e0 17h30. Rue Montoyer 31 \u00e0 1000 Bruxelles. Parking \u00e0 votre disposition.","robots":{"index":"index","follow":"follow","max-snippet":"max-snippet:-1","max-image-preview":"max-image-preview:large","max-video-preview":"max-video-preview:-1"},"canonical":"https:\/\/www.delande.be\/index.php\/contact\/","og_locale":"fr_FR","og_type":"article","og_title":"Nous Contacter - Delande &amp; Cie - Soci\u00e9t\u00e9 de Bourse","og_description":"T\u00e9l\u00e9phone :02\/513.80.60. Nos bureaux sont accessibles du lundi au vendredi de 9h \u00e0 17h30. Rue Montoyer 31 \u00e0 1000 Bruxelles. Parking \u00e0 votre disposition.","og_url":"https:\/\/www.delande.be\/index.php\/contact\/","og_site_name":"Delande &amp; Cie - Soci\u00e9t\u00e9 de Bourse","article_modified_time":"2021-11-30T09:04:16+00:00","og_image":[{"url":"https:\/\/www.delande.be\/wp-content\/uploads\/2015\/09\/emplacements-parking-clients-Delande.jpg","type":"","width":"","height":""}],"twitter_card":"summary_large_image","twitter_misc":{"Dur\u00e9e de lecture estim\u00e9e":"6 minutes"},"schema":{"@context":"https:\/\/schema.org","@graph":[{"@type":"WebPage","@id":"https:\/\/www.delande.be\/index.php\/contact\/","url":"https:\/\/www.delande.be\/index.php\/contact\/","name":"Nous Contacter - Delande &amp; Cie - Soci\u00e9t\u00e9 de Bourse","isPartOf":{"@id":"https:\/\/www.delande.be\/#website"},"primaryImageOfPage":{"@id":"https:\/\/www.delande.be\/index.php\/contact\/#primaryimage"},"image":{"@id":"https:\/\/www.delande.be\/index.php\/contact\/#primaryimage"},"thumbnailUrl":"https:\/\/www.delande.be\/wp-content\/uploads\/2015\/09\/emplacements-parking-clients-Delande.jpg","datePublished":"2015-09-01T11:12:20+00:00","dateModified":"2021-11-30T09:04:16+00:00","description":"T\u00e9l\u00e9phone :02\/513.80.60. Nos bureaux sont accessibles du lundi au vendredi de 9h \u00e0 17h30. Rue Montoyer 31 \u00e0 1000 Bruxelles. Parking \u00e0 votre disposition.","breadcrumb":{"@id":"https:\/\/www.delande.be\/index.php\/contact\/#breadcrumb"},"inLanguage":"fr-FR","potentialAction":[{"@type":"ReadAction","target":["https:\/\/www.delande.be\/index.php\/contact\/"]}]},{"@type":"ImageObject","inLanguage":"fr-FR","@id":"https:\/\/www.delande.be\/index.php\/contact\/#primaryimage","url":"https:\/\/www.delande.be\/wp-content\/uploads\/2015\/09\/emplacements-parking-clients-Delande.jpg","contentUrl":"https:\/\/www.delande.be\/wp-content\/uploads\/2015\/09\/emplacements-parking-clients-Delande.jpg","width":350,"height":308},{"@type":"BreadcrumbList","@id":"https:\/\/www.delande.be\/index.php\/contact\/#breadcrumb","itemListElement":[{"@type":"ListItem","position":1,"name":"Accueil","item":"https:\/\/www.delande.be\/"},{"@type":"ListItem","position":2,"name":"Nous Contacter"}]},{"@type":"WebSite","@id":"https:\/\/www.delande.be\/#website","url":"https:\/\/www.delande.be\/","name":"Delande &amp; Cie - Soci\u00e9t\u00e9 de Bourse","description":"Votre Conseiller en Investissement","publisher":{"@id":"https:\/\/www.delande.be\/#organization"},"potentialAction":[{"@type":"SearchAction","target":{"@type":"EntryPoint","urlTemplate":"https:\/\/www.delande.be\/?s={search_term_string}"},"query-input":{"@type":"PropertyValueSpecification","valueRequired":true,"valueName":"search_term_string"}}],"inLanguage":"fr-FR"},{"@type":"Organization","@id":"https:\/\/www.delande.be\/#organization","name":"Delande et cie","url":"https:\/\/www.delande.be\/","logo":{"@type":"ImageObject","inLanguage":"fr-FR","@id":"https:\/\/www.delande.be\/#\/schema\/logo\/image\/","url":"https:\/\/www.delande.be\/wp-content\/uploads\/2016\/03\/Delande-HOR-FR-RGB1-e1462189765843.jpg","contentUrl":"https:\/\/www.delande.be\/wp-content\/uploads\/2016\/03\/Delande-HOR-FR-RGB1-e1462189765843.jpg","width":740,"height":209,"caption":"Delande et cie"},"image":{"@id":"https:\/\/www.delande.be\/#\/schema\/logo\/image\/"}}]}},"_links":{"self":[{"href":"https:\/\/www.delande.be\/index.php\/wp-json\/wp\/v2\/pages\/50","targetHints":{"allow":["GET"]}}],"collection":[{"href":"https:\/\/www.delande.be\/index.php\/wp-json\/wp\/v2\/pages"}],"about":[{"href":"https:\/\/www.delande.be\/index.php\/wp-json\/wp\/v2\/types\/page"}],"author":[{"embeddable":true,"href":"https:\/\/www.delande.be\/index.php\/wp-json\/wp\/v2\/users\/1"}],"replies":[{"embeddable":true,"href":"https:\/\/www.delande.be\/index.php\/wp-json\/wp\/v2\/comments?post=50"}],"version-history":[{"count":51,"href":"https:\/\/www.delande.be\/index.php\/wp-json\/wp\/v2\/pages\/50\/revisions"}],"predecessor-version":[{"id":1430,"href":"https:\/\/www.delande.be\/index.php\/wp-json\/wp\/v2\/pages\/50\/revisions\/1430"}],"wp:attachment":[{"href":"https:\/\/www.delande.be\/index.php\/wp-json\/wp\/v2\/media?parent=50"}],"curies":[{"name":"wp","href":"https:\/\/api.w.org\/{rel}","templated":true}]}}